{"id":903,"date":"2025-05-27T09:12:05","date_gmt":"2025-05-27T06:12:05","guid":{"rendered":"https:\/\/lphospitality.ee\/jatkusuutlikkus\/"},"modified":"2025-07-28T17:10:47","modified_gmt":"2025-07-28T14:10:47","slug":"jatkusuutlikkus","status":"publish","type":"page","link":"https:\/\/lphospitality.ee\/en\/jatkusuutlikkus\/","title":{"rendered":"Sustainability"},"content":{"rendered":"\n<section class=\"text-image-block overflow-hidden layout-type-reversed\">\n    <div class=\"container\">\n        <div class=\"row flex-row-reverse\">\n            <div class=\"text d-flex align-items-center col col-lg-6 col-12\">\n                <div class=\"text-wrapper\">\n                    <h1>Our Commitment to a Sustainable Future<\/h1>\n<p data-start=\"136\" data-end=\"395\">Even though we don\u2019t necessarily think \u201csustainability\u201d is the perfect word to describe what we do in our restaurants, we do believe it\u2019s our responsibility to keep looking for better ways to serve our team, our guests, our community, and our environment.<\/p>\n<p data-start=\"397\" data-end=\"633\">Our top priority has always been relationships.<br data-start=\"444\" data-end=\"447\" \/>Whether it\u2019s building stronger connections with our suppliers or sharing our story with guests, good relationships are a powerful tool \u2013 they help us learn, inspire, and grow together.<\/p>\n<p data-start=\"635\" data-end=\"865\">We invest heavily in the development of our team \u2013 from professional training to an in-house mentoring program and a hands-on leadership style.<br data-start=\"778\" data-end=\"781\" \/>For us, a fair salary and a healthy work environment are the baseline, not the goal.<\/p>\n<p data-start=\"867\" data-end=\"939\"><em data-start=\"867\" data-end=\"939\">\/In the photo: cheeses from Kolotsi Farm, one of our trusted partners\/<\/em><\/p>\n                                                        <\/div>\n            <\/div>\n            \n                            <div class=\"image col col-lg-6 col-12 fade-in-up mt-lg-0 mt-48\">\n                   <div class=\"image-wrapper position-relative h-100\">\n                        <img decoding=\"async\" src=\"https:\/\/lphospitality.ee\/wp-content\/uploads\/2025\/06\/Kolotsi.jpg\" width=\"2000\" height=\"1333\" alt=\"Meie hea koost\u00f6\u00f6partneri Kolotsi juustufarmi juustud. J\u00e4tkusuutlik restoran, Eesti tootjad, Green Key, mahetootjad, v\u00e4iketalunikud.\" \/>\n\t\t\t\t\t\t                   <\/div>\n                <\/div>\n                    <\/div>\n    <\/div>\n<\/section>\n\n\n<section class=\"text-image-block overflow-hidden layout-type-default\">\n    <div class=\"container\">\n        <div class=\"row\">\n            <div class=\"text d-flex align-items-center col col-lg-6 col-12\">\n                <div class=\"text-wrapper\">\n                    <p data-start=\"117\" data-end=\"437\">We care deeply about being active in our community, including working with various charitable organizations and supporting those in need. We are also passionate about supporting Estonia\u2019s food industry and promoting our local food culture. Whenever possible, we source ingredients from local farmers and small producers.<\/p>\n<p data-start=\"439\" data-end=\"673\">Our mission is to showcase local ingredients on the plates we serve in our restaurants.<br data-start=\"526\" data-end=\"529\" \/>We are also active participants in the Estonian Green Tiger platform, which aims to develop a balanced economic model for Estonia and the world.<\/p>\n<p data-start=\"675\" data-end=\"749\"><em data-start=\"675\" data-end=\"749\">In the photo: the happy hens of \u00c4ntu Farm, one of our long-term partners<\/em><\/p>\n<hr data-start=\"751\" data-end=\"754\" \/>\n<p data-start=\"756\" data-end=\"856\" data-is-last-node=\"\" data-is-only-node=\"\">\n                                                        <\/div>\n            <\/div>\n            \n                            <div class=\"image col col-lg-6 col-12 fade-in-up mt-lg-0 mt-48\">\n                   <div class=\"image-wrapper position-relative h-100\">\n                        <img decoding=\"async\" src=\"https:\/\/lphospitality.ee\/wp-content\/uploads\/2025\/06\/visualista.ee_2022_Kikerikii_-0013-scaled-1.jpg\" width=\"2560\" height=\"1920\" alt=\"Meie pikaajalise koost\u00f6\u00f6partneri \u00c4ntu m\u00f5isa \u00f5nnelikud kanad. \u00c4ntu m\u00f5is p\u00e4lvis Parim Mahetootja 2025 tiitli. J\u00e4tkusuutlik restoran, Eesti tootjad, Green Key, mahetootjad, v\u00e4iketalunikud.\" \/>\n\t\t\t\t\t\t                   <\/div>\n                <\/div>\n                    <\/div>\n    <\/div>\n<\/section>\n\n\n<section class=\"text-image-block overflow-hidden layout-type-reversed\">\n    <div class=\"container\">\n        <div class=\"row flex-row-reverse\">\n            <div class=\"text d-flex align-items-center col col-lg-6 col-12\">\n                <div class=\"text-wrapper\">\n                    <p data-start=\"125\" data-end=\"447\">Minimizing waste is a key priority for us.<br data-start=\"167\" data-end=\"170\" \/>We are continuously reducing the use of single-use plastics and pay close attention to making full use of by-products generated during food preparation. That might mean turning yesterday\u2019s bread into miso sauces or using citrus and vegetable peels creatively in final dishes.<\/p>\n<p data-start=\"449\" data-end=\"709\">Waste sorting is part of our standard hygiene practices. As a result, food scraps become compost, and glass bottles get a second life through recycling.<br data-start=\"601\" data-end=\"604\" \/>All of our restaurant\u2019s energy consumption is covered by 100% renewable sources \u2013 solar, wind, and hydro.<\/p>\n<p data-start=\"711\" data-end=\"771\"><em data-start=\"711\" data-end=\"771\">In the photo: one of our favorite processes \u2013 fermentation<\/em><\/p>\n                                                        <\/div>\n            <\/div>\n            \n                            <div class=\"image col col-lg-6 col-12 fade-in-up mt-lg-0 mt-48\">\n                   <div class=\"image-wrapper position-relative h-100\">\n                        <img decoding=\"async\" src=\"https:\/\/lphospitality.ee\/wp-content\/uploads\/2025\/06\/IMG_5489.jpg\" width=\"2048\" height=\"1536\" alt=\"UMA restorani fermentatsioonid. J\u00e4tkusuutlik restoran, Green Key.\" \/>\n\t\t\t\t\t\t                   <\/div>\n                <\/div>\n                    <\/div>\n    <\/div>\n<\/section>\n\n\n<section class=\"text-image-block overflow-hidden layout-type-default\">\n    <div class=\"container\">\n        <div class=\"row\">\n            <div class=\"text d-flex align-items-center col col-lg-6 col-12\">\n                <div class=\"text-wrapper\">\n                    <p data-start=\"705\" data-end=\"989\">We know there\u2019s still a long road ahead, but we believe that by walking it, we can offer our guests more creativity, more depth, and more warmth in what we do.<br data-start=\"864\" data-end=\"867\" \/>We hope you\u2019ll walk this path with us \u2013 and if you have ideas for how we could do better, we\u2019re always happy to hear them.<\/p>\n<p data-start=\"991\" data-end=\"1082\"><em data-start=\"991\" data-end=\"1082\">In the photo: all our venues are certified by Green Key for their environmental practices<\/em><\/p>\n                                                        <\/div>\n            <\/div>\n            \n                            <div class=\"image col col-lg-6 col-12 fade-in-up mt-lg-0 mt-48\">\n                   <div class=\"image-wrapper position-relative h-100\">\n                        <img decoding=\"async\" src=\"https:\/\/lphospitality.ee\/wp-content\/uploads\/2025\/05\/Frame-99.png\" width=\"1400\" height=\"928\" alt=\"J\u00e4tkusuutlik restoran, Green Key sertifikaat\" \/>\n\t\t\t\t\t\t                   <\/div>\n                <\/div>\n                    <\/div>\n    <\/div>\n<\/section>","protected":false},"excerpt":{"rendered":"","protected":false},"author":1,"featured_media":0,"parent":0,"menu_order":0,"comment_status":"closed","ping_status":"closed","template":"","meta":{"_acf_changed":false,"advgb_blocks_editor_width":"","advgb_blocks_columns_visual_guide":"","footnotes":""},"class_list":["post-903","page","type-page","status-publish","hentry"],"acf":[],"yoast_head":"<!-- This site is optimized with the Yoast SEO plugin v25.8 - https:\/\/yoast.com\/wordpress\/plugins\/seo\/ -->\n<title>Sustainability - LP Hospitality<\/title>\n<meta name=\"robots\" content=\"index, follow, max-snippet:-1, max-image-preview:large, max-video-preview:-1\" \/>\n<link rel=\"canonical\" href=\"https:\/\/lphospitality.ee\/en\/jatkusuutlikkus\/\" \/>\n<meta property=\"og:locale\" content=\"en_US\" \/>\n<meta property=\"og:type\" content=\"article\" \/>\n<meta property=\"og:title\" content=\"Sustainability - LP Hospitality\" \/>\n<meta property=\"og:url\" content=\"https:\/\/lphospitality.ee\/en\/jatkusuutlikkus\/\" \/>\n<meta property=\"og:site_name\" content=\"LP Hospitality\" \/>\n<meta property=\"article:modified_time\" content=\"2025-07-28T14:10:47+00:00\" \/>\n<meta name=\"twitter:card\" content=\"summary_large_image\" \/>\n<script type=\"application\/ld+json\" class=\"yoast-schema-graph\">{\"@context\":\"https:\/\/schema.org\",\"@graph\":[{\"@type\":\"WebPage\",\"@id\":\"https:\/\/lphospitality.ee\/en\/jatkusuutlikkus\/\",\"url\":\"https:\/\/lphospitality.ee\/en\/jatkusuutlikkus\/\",\"name\":\"Sustainability - LP Hospitality\",\"isPartOf\":{\"@id\":\"https:\/\/lphospitality.ee\/en\/#website\"},\"datePublished\":\"2025-05-27T06:12:05+00:00\",\"dateModified\":\"2025-07-28T14:10:47+00:00\",\"breadcrumb\":{\"@id\":\"https:\/\/lphospitality.ee\/en\/jatkusuutlikkus\/#breadcrumb\"},\"inLanguage\":\"en-US\",\"potentialAction\":[{\"@type\":\"ReadAction\",\"target\":[\"https:\/\/lphospitality.ee\/en\/jatkusuutlikkus\/\"]}]},{\"@type\":\"BreadcrumbList\",\"@id\":\"https:\/\/lphospitality.ee\/en\/jatkusuutlikkus\/#breadcrumb\",\"itemListElement\":[{\"@type\":\"ListItem\",\"position\":1,\"name\":\"Home\",\"item\":\"https:\/\/lphospitality.ee\/en\/home\/\"},{\"@type\":\"ListItem\",\"position\":2,\"name\":\"Sustainability\"}]},{\"@type\":\"WebSite\",\"@id\":\"https:\/\/lphospitality.ee\/en\/#website\",\"url\":\"https:\/\/lphospitality.ee\/en\/\",\"name\":\"LP Hospitality\",\"description\":\"\",\"publisher\":{\"@id\":\"https:\/\/lphospitality.ee\/en\/#organization\"},\"potentialAction\":[{\"@type\":\"SearchAction\",\"target\":{\"@type\":\"EntryPoint\",\"urlTemplate\":\"https:\/\/lphospitality.ee\/en\/?s={search_term_string}\"},\"query-input\":{\"@type\":\"PropertyValueSpecification\",\"valueRequired\":true,\"valueName\":\"search_term_string\"}}],\"inLanguage\":\"en-US\"},{\"@type\":\"Organization\",\"@id\":\"https:\/\/lphospitality.ee\/en\/#organization\",\"name\":\"LP Hospitality\",\"url\":\"https:\/\/lphospitality.ee\/en\/\",\"logo\":{\"@type\":\"ImageObject\",\"inLanguage\":\"en-US\",\"@id\":\"https:\/\/lphospitality.ee\/en\/#\/schema\/logo\/image\/\",\"url\":\"https:\/\/lphospitality.ee\/wp-content\/uploads\/2025\/05\/Logo-1-1.svg\",\"contentUrl\":\"https:\/\/lphospitality.ee\/wp-content\/uploads\/2025\/05\/Logo-1-1.svg\",\"width\":264,\"height\":275,\"caption\":\"LP Hospitality\"},\"image\":{\"@id\":\"https:\/\/lphospitality.ee\/en\/#\/schema\/logo\/image\/\"}}]}<\/script>\n<!-- \/ Yoast SEO plugin. -->","yoast_head_json":{"title":"Sustainability - LP Hospitality","robots":{"index":"index","follow":"follow","max-snippet":"max-snippet:-1","max-image-preview":"max-image-preview:large","max-video-preview":"max-video-preview:-1"},"canonical":"https:\/\/lphospitality.ee\/en\/jatkusuutlikkus\/","og_locale":"en_US","og_type":"article","og_title":"Sustainability - LP Hospitality","og_url":"https:\/\/lphospitality.ee\/en\/jatkusuutlikkus\/","og_site_name":"LP Hospitality","article_modified_time":"2025-07-28T14:10:47+00:00","twitter_card":"summary_large_image","schema":{"@context":"https:\/\/schema.org","@graph":[{"@type":"WebPage","@id":"https:\/\/lphospitality.ee\/en\/jatkusuutlikkus\/","url":"https:\/\/lphospitality.ee\/en\/jatkusuutlikkus\/","name":"Sustainability - LP Hospitality","isPartOf":{"@id":"https:\/\/lphospitality.ee\/en\/#website"},"datePublished":"2025-05-27T06:12:05+00:00","dateModified":"2025-07-28T14:10:47+00:00","breadcrumb":{"@id":"https:\/\/lphospitality.ee\/en\/jatkusuutlikkus\/#breadcrumb"},"inLanguage":"en-US","potentialAction":[{"@type":"ReadAction","target":["https:\/\/lphospitality.ee\/en\/jatkusuutlikkus\/"]}]},{"@type":"BreadcrumbList","@id":"https:\/\/lphospitality.ee\/en\/jatkusuutlikkus\/#breadcrumb","itemListElement":[{"@type":"ListItem","position":1,"name":"Home","item":"https:\/\/lphospitality.ee\/en\/home\/"},{"@type":"ListItem","position":2,"name":"Sustainability"}]},{"@type":"WebSite","@id":"https:\/\/lphospitality.ee\/en\/#website","url":"https:\/\/lphospitality.ee\/en\/","name":"LP Hospitality","description":"","publisher":{"@id":"https:\/\/lphospitality.ee\/en\/#organization"},"potentialAction":[{"@type":"SearchAction","target":{"@type":"EntryPoint","urlTemplate":"https:\/\/lphospitality.ee\/en\/?s={search_term_string}"},"query-input":{"@type":"PropertyValueSpecification","valueRequired":true,"valueName":"search_term_string"}}],"inLanguage":"en-US"},{"@type":"Organization","@id":"https:\/\/lphospitality.ee\/en\/#organization","name":"LP Hospitality","url":"https:\/\/lphospitality.ee\/en\/","logo":{"@type":"ImageObject","inLanguage":"en-US","@id":"https:\/\/lphospitality.ee\/en\/#\/schema\/logo\/image\/","url":"https:\/\/lphospitality.ee\/wp-content\/uploads\/2025\/05\/Logo-1-1.svg","contentUrl":"https:\/\/lphospitality.ee\/wp-content\/uploads\/2025\/05\/Logo-1-1.svg","width":264,"height":275,"caption":"LP Hospitality"},"image":{"@id":"https:\/\/lphospitality.ee\/en\/#\/schema\/logo\/image\/"}}]}},"coauthors":[],"author_meta":{"author_link":"https:\/\/lphospitality.ee\/en\/author\/reaktiiv\/","display_name":"Reaktiiv"},"relative_dates":{"created":"Posted 11 months ago","modified":"Updated 9 months ago"},"absolute_dates":{"created":"Posted on 27.05.2025","modified":"Updated on 28.07.2025"},"absolute_dates_time":{"created":"Posted on 27.05.2025 09:12","modified":"Updated on 28.07.2025 17:10"},"featured_img_caption":"","featured_img":false,"series_order":"","_links":{"self":[{"href":"https:\/\/lphospitality.ee\/en\/wp-json\/wp\/v2\/pages\/903","targetHints":{"allow":["GET"]}}],"collection":[{"href":"https:\/\/lphospitality.ee\/en\/wp-json\/wp\/v2\/pages"}],"about":[{"href":"https:\/\/lphospitality.ee\/en\/wp-json\/wp\/v2\/types\/page"}],"author":[{"embeddable":true,"href":"https:\/\/lphospitality.ee\/en\/wp-json\/wp\/v2\/users\/1"}],"replies":[{"embeddable":true,"href":"https:\/\/lphospitality.ee\/en\/wp-json\/wp\/v2\/comments?post=903"}],"version-history":[{"count":2,"href":"https:\/\/lphospitality.ee\/en\/wp-json\/wp\/v2\/pages\/903\/revisions"}],"predecessor-version":[{"id":914,"href":"https:\/\/lphospitality.ee\/en\/wp-json\/wp\/v2\/pages\/903\/revisions\/914"}],"wp:attachment":[{"href":"https:\/\/lphospitality.ee\/en\/wp-json\/wp\/v2\/media?parent=903"}],"curies":[{"name":"wp","href":"https:\/\/api.w.org\/{rel}","templated":true}]}}