{"id":899,"date":"2025-05-27T09:12:40","date_gmt":"2025-05-27T06:12:40","guid":{"rendered":"https:\/\/lphospitality.ee\/karjaar\/"},"modified":"2025-07-28T17:07:30","modified_gmt":"2025-07-28T14:07:30","slug":"karjaar","status":"publish","type":"page","link":"https:\/\/lphospitality.ee\/en\/karjaar\/","title":{"rendered":"Career"},"content":{"rendered":"\n<section class=\"text-image-block overflow-hidden layout-type-reversed\">\n    <div class=\"container\">\n        <div class=\"row flex-row-reverse\">\n            <div class=\"text d-flex align-items-center col col-lg-6 col-12\">\n                <div class=\"text-wrapper\">\n                    <h2>Career<\/h2>\n<p data-start=\"167\" data-end=\"451\">We believe working in hospitality is one of the most meaningful paths \u2013 the act of serving others ultimately nourishes us as well.<br data-start=\"297\" data-end=\"300\" \/>We don\u2019t just build restaurants and bars \u2013 we create environments where people feel good, both our guests and everyone who shares this journey with us.<\/p>\n<p data-start=\"453\" data-end=\"540\">A great work environment is the foundation of every successful company. Our values are:<\/p>\n<p data-start=\"542\" data-end=\"705\"><strong data-start=\"542\" data-end=\"552\">Safety<\/strong><br data-start=\"552\" data-end=\"555\" \/>Everyone should feel free to be exactly who they are.<br data-start=\"608\" data-end=\"611\" \/>We value people for their uniqueness and create a space where it\u2019s safe to be honest and real.<\/p>\n<p data-start=\"707\" data-end=\"943\"><strong data-start=\"707\" data-end=\"717\">Growth<\/strong><br data-start=\"717\" data-end=\"720\" \/>Without growth, life stands still.<br data-start=\"754\" data-end=\"757\" \/>We invest in the development of our team so that time spent with us means more than just work \u2013 whether that\u2019s learning new skills, building confidence, or gaining a broader perspective.<\/p>\n<p data-start=\"945\" data-end=\"1108\"><strong data-start=\"945\" data-end=\"962\">Collaboration<\/strong><br data-start=\"962\" data-end=\"965\" \/>The best moments are born through teamwork.<br data-start=\"1008\" data-end=\"1011\" \/>We support one another and celebrate shared victories \u2013 this is the backbone of our work culture.<\/p>\n<p data-start=\"1110\" data-end=\"1281\"><strong data-start=\"1110\" data-end=\"1122\">Autonomy<\/strong><br data-start=\"1122\" data-end=\"1125\" \/>Trust is everything.<br data-start=\"1145\" data-end=\"1148\" \/>We trust our people to make decisions, find solutions, and grow independently \u2013 it gives meaning to the work and wings to the person.<\/p>\n<p><strong>Send your CV and cover letter to:<\/strong> <a href=\"mailto:hr@lphospitality.ee\">hr@lphospitality.ee<\/a><\/p>\n                                                        <\/div>\n            <\/div>\n            \n                            <div class=\"image col col-lg-6 col-12 fade-in-up mt-lg-0 mt-48\">\n                   <div class=\"image-wrapper position-relative h-100\">\n                        <img decoding=\"async\" src=\"https:\/\/lphospitality.ee\/wp-content\/uploads\/2025\/06\/24-bcaphoto-uma-24-04-254-scaled.jpg\" width=\"2048\" height=\"2560\" alt=\"UMA peakokk Kristo Malm. Tule sinagi t\u00f6\u00f6le meie restoranidesse ning loo karj\u00e4\u00e4r k\u00fclalislahkuse sektoris.\" \/>\n\t\t\t\t\t\t                   <\/div>\n                <\/div>\n                    <\/div>\n    <\/div>\n<\/section>\n\n\n<section class=\"text-image-block overflow-hidden layout-type-default\">\n    <div class=\"container\">\n        <div class=\"row\">\n            <div class=\"text d-flex align-items-center col col-lg-6 col-12\">\n                <div class=\"text-wrapper\">\n                    <h2>Hospitality academy<\/h2>\n<p data-start=\"125\" data-end=\"489\">Every summer, we welcome young people into our team \u2013 many of whom are taking their very first steps into the working world.<br data-start=\"249\" data-end=\"252\" \/>We know that first experiences require extra support, which is why we\u2019ve created the LP Hospitality Academy.<br data-start=\"360\" data-end=\"363\" \/>This 5-day training program provides practical tools and knowledge to help you begin this journey with confidence and meaning.<\/p>\n<p data-start=\"491\" data-end=\"725\"><strong data-start=\"491\" data-end=\"511\">Want to join us?<\/strong><br data-start=\"511\" data-end=\"514\" \/>We\u2019re looking for people who genuinely want to serve \u2013 from supporting their teammates to caring for every guest.<br data-start=\"627\" data-end=\"630\" \/>If you share our values, feel free to reach out even if no open positions are currently listed.<\/p>\n<p><strong>Send your CV and cover letter to:<\/strong> <a href=\"mailto:hr@lphospitality.ee\">hr@lphospitality.ee<\/a><\/p>\n                                                        <\/div>\n            <\/div>\n            \n                            <div class=\"image col col-lg-6 col-12 fade-in-up mt-lg-0 mt-48\">\n                   <div class=\"image-wrapper position-relative h-100\">\n                        <img decoding=\"async\" src=\"https:\/\/lphospitality.ee\/wp-content\/uploads\/2025\/06\/33-uma-sta2-scaled.jpg\" width=\"2560\" height=\"1719\" alt=\"UMA restorani teenindajad. Igal suvel ootame oma meeskonda noori, kelle jaoks see v\u00f5ib olla esimene samm t\u00f6\u00f6maailmas. Me teame, et esimene kogemus vajab rohkem tuge \u2013 seet\u00f5ttu oleme loonud LP Hospitality K\u00fclalislahkuse Akadeemia. See 5-p\u00e4evane koolitusprogramm annab praktilised t\u00f6\u00f6riistad ja teadmised, et alustada seda teekonda enesekindlalt ja t\u00e4henduslikult.\" \/>\n\t\t\t\t\t\t                   <\/div>\n                <\/div>\n                    <\/div>\n    <\/div>\n<\/section>","protected":false},"excerpt":{"rendered":"","protected":false},"author":1,"featured_media":0,"parent":0,"menu_order":0,"comment_status":"closed","ping_status":"closed","template":"","meta":{"_acf_changed":false,"advgb_blocks_editor_width":"","advgb_blocks_columns_visual_guide":"","footnotes":""},"class_list":["post-899","page","type-page","status-publish","hentry"],"acf":[],"yoast_head":"<!-- This site is optimized with the Yoast SEO plugin v25.8 - https:\/\/yoast.com\/wordpress\/plugins\/seo\/ -->\n<title>Career - LP Hospitality<\/title>\n<meta name=\"robots\" content=\"index, follow, max-snippet:-1, max-image-preview:large, max-video-preview:-1\" \/>\n<link rel=\"canonical\" href=\"https:\/\/lphospitality.ee\/en\/karjaar\/\" \/>\n<meta property=\"og:locale\" content=\"en_US\" \/>\n<meta property=\"og:type\" content=\"article\" \/>\n<meta property=\"og:title\" content=\"Career - LP Hospitality\" \/>\n<meta property=\"og:url\" content=\"https:\/\/lphospitality.ee\/en\/karjaar\/\" \/>\n<meta property=\"og:site_name\" content=\"LP Hospitality\" \/>\n<meta property=\"article:modified_time\" content=\"2025-07-28T14:07:30+00:00\" \/>\n<meta name=\"twitter:card\" content=\"summary_large_image\" \/>\n<script type=\"application\/ld+json\" class=\"yoast-schema-graph\">{\"@context\":\"https:\/\/schema.org\",\"@graph\":[{\"@type\":\"WebPage\",\"@id\":\"https:\/\/lphospitality.ee\/en\/karjaar\/\",\"url\":\"https:\/\/lphospitality.ee\/en\/karjaar\/\",\"name\":\"Career - LP Hospitality\",\"isPartOf\":{\"@id\":\"https:\/\/lphospitality.ee\/en\/#website\"},\"datePublished\":\"2025-05-27T06:12:40+00:00\",\"dateModified\":\"2025-07-28T14:07:30+00:00\",\"breadcrumb\":{\"@id\":\"https:\/\/lphospitality.ee\/en\/karjaar\/#breadcrumb\"},\"inLanguage\":\"en-US\",\"potentialAction\":[{\"@type\":\"ReadAction\",\"target\":[\"https:\/\/lphospitality.ee\/en\/karjaar\/\"]}]},{\"@type\":\"BreadcrumbList\",\"@id\":\"https:\/\/lphospitality.ee\/en\/karjaar\/#breadcrumb\",\"itemListElement\":[{\"@type\":\"ListItem\",\"position\":1,\"name\":\"Home\",\"item\":\"https:\/\/lphospitality.ee\/en\/home\/\"},{\"@type\":\"ListItem\",\"position\":2,\"name\":\"Career\"}]},{\"@type\":\"WebSite\",\"@id\":\"https:\/\/lphospitality.ee\/en\/#website\",\"url\":\"https:\/\/lphospitality.ee\/en\/\",\"name\":\"LP Hospitality\",\"description\":\"\",\"publisher\":{\"@id\":\"https:\/\/lphospitality.ee\/en\/#organization\"},\"potentialAction\":[{\"@type\":\"SearchAction\",\"target\":{\"@type\":\"EntryPoint\",\"urlTemplate\":\"https:\/\/lphospitality.ee\/en\/?s={search_term_string}\"},\"query-input\":{\"@type\":\"PropertyValueSpecification\",\"valueRequired\":true,\"valueName\":\"search_term_string\"}}],\"inLanguage\":\"en-US\"},{\"@type\":\"Organization\",\"@id\":\"https:\/\/lphospitality.ee\/en\/#organization\",\"name\":\"LP Hospitality\",\"url\":\"https:\/\/lphospitality.ee\/en\/\",\"logo\":{\"@type\":\"ImageObject\",\"inLanguage\":\"en-US\",\"@id\":\"https:\/\/lphospitality.ee\/en\/#\/schema\/logo\/image\/\",\"url\":\"https:\/\/lphospitality.ee\/wp-content\/uploads\/2025\/05\/Logo-1-1.svg\",\"contentUrl\":\"https:\/\/lphospitality.ee\/wp-content\/uploads\/2025\/05\/Logo-1-1.svg\",\"width\":264,\"height\":275,\"caption\":\"LP Hospitality\"},\"image\":{\"@id\":\"https:\/\/lphospitality.ee\/en\/#\/schema\/logo\/image\/\"}}]}<\/script>\n<!-- \/ Yoast SEO plugin. -->","yoast_head_json":{"title":"Career - LP Hospitality","robots":{"index":"index","follow":"follow","max-snippet":"max-snippet:-1","max-image-preview":"max-image-preview:large","max-video-preview":"max-video-preview:-1"},"canonical":"https:\/\/lphospitality.ee\/en\/karjaar\/","og_locale":"en_US","og_type":"article","og_title":"Career - LP Hospitality","og_url":"https:\/\/lphospitality.ee\/en\/karjaar\/","og_site_name":"LP Hospitality","article_modified_time":"2025-07-28T14:07:30+00:00","twitter_card":"summary_large_image","schema":{"@context":"https:\/\/schema.org","@graph":[{"@type":"WebPage","@id":"https:\/\/lphospitality.ee\/en\/karjaar\/","url":"https:\/\/lphospitality.ee\/en\/karjaar\/","name":"Career - LP Hospitality","isPartOf":{"@id":"https:\/\/lphospitality.ee\/en\/#website"},"datePublished":"2025-05-27T06:12:40+00:00","dateModified":"2025-07-28T14:07:30+00:00","breadcrumb":{"@id":"https:\/\/lphospitality.ee\/en\/karjaar\/#breadcrumb"},"inLanguage":"en-US","potentialAction":[{"@type":"ReadAction","target":["https:\/\/lphospitality.ee\/en\/karjaar\/"]}]},{"@type":"BreadcrumbList","@id":"https:\/\/lphospitality.ee\/en\/karjaar\/#breadcrumb","itemListElement":[{"@type":"ListItem","position":1,"name":"Home","item":"https:\/\/lphospitality.ee\/en\/home\/"},{"@type":"ListItem","position":2,"name":"Career"}]},{"@type":"WebSite","@id":"https:\/\/lphospitality.ee\/en\/#website","url":"https:\/\/lphospitality.ee\/en\/","name":"LP Hospitality","description":"","publisher":{"@id":"https:\/\/lphospitality.ee\/en\/#organization"},"potentialAction":[{"@type":"SearchAction","target":{"@type":"EntryPoint","urlTemplate":"https:\/\/lphospitality.ee\/en\/?s={search_term_string}"},"query-input":{"@type":"PropertyValueSpecification","valueRequired":true,"valueName":"search_term_string"}}],"inLanguage":"en-US"},{"@type":"Organization","@id":"https:\/\/lphospitality.ee\/en\/#organization","name":"LP Hospitality","url":"https:\/\/lphospitality.ee\/en\/","logo":{"@type":"ImageObject","inLanguage":"en-US","@id":"https:\/\/lphospitality.ee\/en\/#\/schema\/logo\/image\/","url":"https:\/\/lphospitality.ee\/wp-content\/uploads\/2025\/05\/Logo-1-1.svg","contentUrl":"https:\/\/lphospitality.ee\/wp-content\/uploads\/2025\/05\/Logo-1-1.svg","width":264,"height":275,"caption":"LP Hospitality"},"image":{"@id":"https:\/\/lphospitality.ee\/en\/#\/schema\/logo\/image\/"}}]}},"coauthors":[],"author_meta":{"author_link":"https:\/\/lphospitality.ee\/en\/author\/reaktiiv\/","display_name":"Reaktiiv"},"relative_dates":{"created":"Posted 11 months ago","modified":"Updated 9 months ago"},"absolute_dates":{"created":"Posted on 27.05.2025","modified":"Updated on 28.07.2025"},"absolute_dates_time":{"created":"Posted on 27.05.2025 09:12","modified":"Updated on 28.07.2025 17:07"},"featured_img_caption":"","featured_img":false,"series_order":"","_links":{"self":[{"href":"https:\/\/lphospitality.ee\/en\/wp-json\/wp\/v2\/pages\/899","targetHints":{"allow":["GET"]}}],"collection":[{"href":"https:\/\/lphospitality.ee\/en\/wp-json\/wp\/v2\/pages"}],"about":[{"href":"https:\/\/lphospitality.ee\/en\/wp-json\/wp\/v2\/types\/page"}],"author":[{"embeddable":true,"href":"https:\/\/lphospitality.ee\/en\/wp-json\/wp\/v2\/users\/1"}],"replies":[{"embeddable":true,"href":"https:\/\/lphospitality.ee\/en\/wp-json\/wp\/v2\/comments?post=899"}],"version-history":[{"count":3,"href":"https:\/\/lphospitality.ee\/en\/wp-json\/wp\/v2\/pages\/899\/revisions"}],"predecessor-version":[{"id":910,"href":"https:\/\/lphospitality.ee\/en\/wp-json\/wp\/v2\/pages\/899\/revisions\/910"}],"wp:attachment":[{"href":"https:\/\/lphospitality.ee\/en\/wp-json\/wp\/v2\/media?parent=899"}],"curies":[{"name":"wp","href":"https:\/\/api.w.org\/{rel}","templated":true}]}}